{"id":103,"date":"2014-03-29T00:06:40","date_gmt":"2014-03-28T22:06:40","guid":{"rendered":"http:\/\/dev.zimmer-mit-ausblick.net\/galerie-einblicke\/"},"modified":"2014-04-24T10:37:31","modified_gmt":"2014-04-24T08:37:31","slug":"galerie-einblicke","status":"publish","type":"page","link":"https:\/\/www.zimmer-mit-ausblick.net\/en\/galerie-einblicke\/","title":{"rendered":"Insights \u2013 \u201eZimmer mit Ausblick\u201c Ferienwohnungen am Wasser in Potsdams Parklandschaft (H1)"},"content":{"rendered":"<p><div id=\"metaslider-id-108\" style=\"width: 100%; margin: 0 auto;\" class=\"ml-slider-3-14-0 ml-slider-pro-2-7-1 metaslider metaslider-flex metaslider-108 ml-slider nav-hidden\">\n    <div id=\"metaslider_container_108\">\n        <div id=\"metaslider_108\" class=\"flexslider\">\n            <ul class=\"slides\">\n                <li style=\"display: block; width: 100%;\" class=\"slide-514 ms-image\"><a href=\" \" target=\"_self\" rel=\"lightbox[108]\" title=\"Seeapartment\nWohn-Schlafraum\"><img src=\"https:\/\/www.zimmer-mit-ausblick.net\/wp-content\/uploads\/2014\/05\/Seeapartment_3-893x536.jpg\" height=\"536\" width=\"893\" alt=\"\" class=\"slider-108 slide-514\" \/><\/a><div class=\"caption-wrap\"><div class=\"caption\">Seeapartment\nWohn-Schlafraum<\/div><\/div><\/li>\n                <li style=\"display: none; width: 100%;\" class=\"slide-527 ms-image\"><a href=\"https:\/\/www.zimmer-mit-ausblick.net\/wp-content\/uploads\/2014\/05\/kleines-Gartenapartment_1.jpg\" target=\"_self\" rel=\"lightbox[108]\" title=\" Kleines Gartenapartment\n Wohn-Schlafraum\"><img src=\"https:\/\/www.zimmer-mit-ausblick.net\/wp-content\/uploads\/2014\/05\/kleines-Gartenapartment_1-893x536.jpg\" height=\"536\" width=\"893\" alt=\"\" class=\"slider-108 slide-527\" \/><\/a><div class=\"caption-wrap\"><div class=\"caption\"> Kleines Gartenapartment\n Wohn-Schlafraum<\/div><\/div><\/li>\n                <li style=\"display: none; width: 100%;\" class=\"slide-333 ms-image\"><a href=\"https:\/\/www.zimmer-mit-ausblick.net\/wp-content\/uploads\/2014\/04\/ausblick_1.jpg\" target=\"_self\" rel=\"lightbox[108]\" title=\"Zimmer mit Ausblick - Ferienwohnungen in Potsdam, Ausblick Gartenseite\"><img src=\"https:\/\/www.zimmer-mit-ausblick.net\/wp-content\/uploads\/2014\/04\/ausblick_1-893x536.jpg\" height=\"536\" width=\"893\" alt=\"\" class=\"slider-108 slide-333\" \/><\/a><div class=\"caption-wrap\"><div class=\"caption\">Zimmer mit Ausblick - Ferienwohnungen in Potsdam, Ausblick Gartenseite<\/div><\/div><\/li>\n                <li style=\"display: none; width: 100%;\" class=\"slide-529 ms-image\"><a href=\"https:\/\/www.zimmer-mit-ausblick.net\/wp-content\/uploads\/2014\/05\/kleines-Gartenapartment_3.jpg\" target=\"_self\" rel=\"lightbox[108]\" title=\"Kleines Gartenapartment\nWohn-Schlafraum\"><img src=\"https:\/\/www.zimmer-mit-ausblick.net\/wp-content\/uploads\/2014\/05\/kleines-Gartenapartment_3-893x536.jpg\" height=\"536\" width=\"893\" alt=\"\" class=\"slider-108 slide-529\" \/><\/a><div class=\"caption-wrap\"><div class=\"caption\">Kleines Gartenapartment\nWohn-Schlafraum<\/div><\/div><\/li>\n                <li style=\"display: none; width: 100%;\" class=\"slide-538 ms-image\"><a href=\"https:\/\/www.zimmer-mit-ausblick.net\/wp-content\/uploads\/2014\/05\/startseite_14.jpg\" target=\"_self\" rel=\"lightbox[108]\" title=\"Zimmer mit Ausblick, Gartenseite\nin der blauen Stunde \"><img src=\"https:\/\/www.zimmer-mit-ausblick.net\/wp-content\/uploads\/2014\/05\/startseite_14-893x536.jpg\" height=\"536\" width=\"893\" alt=\"\" class=\"slider-108 slide-538\" \/><\/a><div class=\"caption-wrap\"><div class=\"caption\">Zimmer mit Ausblick, Gartenseite\nin der blauen Stunde <\/div><\/div><\/li>\n                <li style=\"display: none; width: 100%;\" class=\"slide-349 ms-image\"><a href=\"https:\/\/www.zimmer-mit-ausblick.net\/wp-content\/uploads\/2014\/04\/balkon.jpg\" target=\"_self\" rel=\"lightbox[108]\" title=\"Zimmer mit Ausblick - Ferienwohnungen in Potsdam, Parkbr\u00fcckenapartment, Balkon mit Morgensonne\"><img src=\"https:\/\/www.zimmer-mit-ausblick.net\/wp-content\/uploads\/2014\/04\/balkon-893x536.jpg\" height=\"536\" width=\"893\" alt=\"\" class=\"slider-108 slide-349\" \/><\/a><div class=\"caption-wrap\"><div class=\"caption\">Zimmer mit Ausblick - Ferienwohnungen in Potsdam, Parkbr\u00fcckenapartment, Balkon mit Morgensonne<\/div><\/div><\/li>\n                <li style=\"display: none; width: 100%;\" class=\"slide-521 ms-image\"><a href=\"https:\/\/www.zimmer-mit-ausblick.net\/wp-content\/uploads\/2014\/05\/gr_garten_3.jpg\" target=\"_self\" rel=\"lightbox[108]\" title=\"Zimmer mit Ausblick - Ferienwohnungen in Potsdam, Gro\u00dfes Gartenapartment von Aussen\"><img src=\"https:\/\/www.zimmer-mit-ausblick.net\/wp-content\/uploads\/2014\/05\/gr_garten_3-893x536.jpg\" height=\"536\" width=\"893\" alt=\"\" class=\"slider-108 slide-521\" \/><\/a><div class=\"caption-wrap\"><div class=\"caption\">Zimmer mit Ausblick - Ferienwohnungen in Potsdam, Gro\u00dfes Gartenapartment von Aussen<\/div><\/div><\/li>\n                <li style=\"display: none; width: 100%;\" class=\"slide-376 ms-image\"><a href=\"https:\/\/www.zimmer-mit-ausblick.net\/wp-content\/uploads\/2014\/04\/gr_Garten-Sitzplatz-draussen-.jpg\" target=\"_self\" rel=\"lightbox[108]\" title=\"Zimmer mit Ausblick - Ferienwohnungen in Postdam, Ausblick vom Gro\u00dfen Gartenapartment\"><img src=\"https:\/\/www.zimmer-mit-ausblick.net\/wp-content\/uploads\/2014\/04\/gr_Garten-Sitzplatz-draussen--893x536.jpg\" height=\"536\" width=\"893\" alt=\"\" class=\"slider-108 slide-376\" \/><\/a><div class=\"caption-wrap\"><div class=\"caption\">Zimmer mit Ausblick - Ferienwohnungen in Postdam, Ausblick vom Gro\u00dfen Gartenapartment<\/div><\/div><\/li>\n                <li style=\"display: none; width: 100%;\" class=\"slide-509 ms-image\"><a href=\"https:\/\/www.zimmer-mit-ausblick.net\/wp-content\/uploads\/2014\/05\/Seeapartment-Bach_SDI0861-2.jpg\" target=\"_self\" rel=\"lightbox[108]\" title=\"Seeapartment\nWohnbereich mit Fensterladen\"><img src=\"https:\/\/www.zimmer-mit-ausblick.net\/wp-content\/uploads\/2014\/05\/Seeapartment-Bach_SDI0861-2-667x400.jpg\" height=\"536\" width=\"893\" alt=\"\" class=\"slider-108 slide-509\" \/><\/a><div class=\"caption-wrap\"><div class=\"caption\">Seeapartment\nWohnbereich mit Fensterladen<\/div><\/div><\/li>\n                <li style=\"display: none; width: 100%;\" class=\"slide-522 ms-image\"><a href=\"https:\/\/www.zimmer-mit-ausblick.net\/wp-content\/uploads\/2014\/05\/gr_garten_4.jpg\" target=\"_self\" rel=\"lightbox[108]\" title=\"Zimmer mit Ausblick - Ferienwohnungen in Potsdam, Gro\u00dfes Gartenaprtment, K\u00fcche\"><img src=\"https:\/\/www.zimmer-mit-ausblick.net\/wp-content\/uploads\/2014\/05\/gr_garten_4-893x536.jpg\" height=\"536\" width=\"893\" alt=\"\" class=\"slider-108 slide-522\" \/><\/a><div class=\"caption-wrap\"><div class=\"caption\">Zimmer mit Ausblick - Ferienwohnungen in Potsdam, Gro\u00dfes Gartenaprtment, K\u00fcche<\/div><\/div><\/li>\n                <li style=\"display: none; width: 100%;\" class=\"slide-533 ms-image\"><a href=\"https:\/\/www.zimmer-mit-ausblick.net\/wp-content\/uploads\/2014\/05\/parbrueckenapartment_potsdam_2.jpg\" target=\"_self\" rel=\"lightbox[108]\" title=\"Zimmer mit Ausblick - Ferienwohnungen in Potsdam, Parkbr\u00fcckenapartment, Bad\"><img src=\"https:\/\/www.zimmer-mit-ausblick.net\/wp-content\/uploads\/2014\/05\/parbrueckenapartment_potsdam_2-893x536.jpg\" height=\"536\" width=\"893\" alt=\"\" class=\"slider-108 slide-533\" \/><\/a><div class=\"caption-wrap\"><div class=\"caption\">Zimmer mit Ausblick - Ferienwohnungen in Potsdam, Parkbr\u00fcckenapartment, Bad<\/div><\/div><\/li>\n                <li style=\"display: none; width: 100%;\" class=\"slide-264 ms-image\"><a href=\"https:\/\/www.zimmer-mit-ausblick.net\/wp-content\/uploads\/2014\/04\/schiff.jpg\" target=\"_self\" rel=\"lightbox[108]\" title=\"Zimmer mit Ausblick - Ferienwohnungen in Potsdam, Aussicht Seeapartment\"><img src=\"https:\/\/www.zimmer-mit-ausblick.net\/wp-content\/uploads\/2014\/04\/schiff-893x536.jpg\" height=\"536\" width=\"893\" alt=\"\" class=\"slider-108 slide-264\" \/><\/a><div class=\"caption-wrap\"><div class=\"caption\">Zimmer mit Ausblick - Ferienwohnungen in Potsdam, Aussicht Seeapartment<\/div><\/div><\/li>\n                <li style=\"display: none; width: 100%;\" class=\"slide-113 ms-image\"><a href=\"https:\/\/www.zimmer-mit-ausblick.net\/wp-content\/uploads\/2014\/03\/haus_8.jpg\" target=\"_self\" rel=\"lightbox[108]\" title=\"Zimmer mit Ausblick - Ferienwohnungen in Potsdam, Unser Haus im Winter\"><img src=\"https:\/\/www.zimmer-mit-ausblick.net\/wp-content\/uploads\/2014\/03\/haus_8-750x450.jpg\" height=\"536\" width=\"893\" alt=\"\" class=\"slider-108 slide-113\" \/><\/a><div class=\"caption-wrap\"><div class=\"caption\">Zimmer mit Ausblick - Ferienwohnungen in Potsdam, Unser Haus im Winter<\/div><\/div><\/li>\n                <li style=\"display: none; width: 100%;\" class=\"slide-516 ms-image\"><a href=\"https:\/\/www.zimmer-mit-ausblick.net\/wp-content\/uploads\/2014\/05\/Seeapartment_5.jpg\" target=\"_self\" rel=\"lightbox[108]\" title=\"Zimmer mit Ausblick - Ferienwohnungen in Potsdam, Seeapartment Bad\"><img src=\"https:\/\/www.zimmer-mit-ausblick.net\/wp-content\/uploads\/2014\/05\/Seeapartment_5-779x467.jpg\" height=\"536\" width=\"893\" alt=\"\" class=\"slider-108 slide-516\" \/><\/a><div class=\"caption-wrap\"><div class=\"caption\">Zimmer mit Ausblick - Ferienwohnungen in Potsdam, Seeapartment Bad<\/div><\/div><\/li>\n                <li style=\"display: none; width: 100%;\" class=\"slide-540 ms-image\"><a href=\"https:\/\/www.zimmer-mit-ausblick.net\/wp-content\/uploads\/2014\/05\/einblicke_1.jpg\" target=\"_self\" rel=\"lightbox[108]\" title=\"Zimmer mit Ausblick - Ferienwohnungen in Potsdam, Lankestr.  2 mit Rotdornbl\u00fcte - ein gro\u00dfer Blumenstrauss auf dem Balkon des Parkbr\u00fcckenapartments\"><img src=\"https:\/\/www.zimmer-mit-ausblick.net\/wp-content\/uploads\/2014\/05\/einblicke_1-893x536.jpg\" height=\"536\" width=\"893\" alt=\"\" class=\"slider-108 slide-540\" \/><\/a><div class=\"caption-wrap\"><div class=\"caption\">Zimmer mit Ausblick - Ferienwohnungen in Potsdam, Lankestr.  2 mit Rotdornbl\u00fcte - ein gro\u00dfer Blumenstrauss auf dem Balkon des Parkbr\u00fcckenapartments<\/div><\/div><\/li>\n            <\/ul>\n        <\/div>\n                <div id=\"metaslider_108_filmstrip\" class=\"flexslider filmstrip\">\n            <ul class='slides'>\n                <li class=\"ms-thumb slide-514\" style=\"display: none;\"><img src=\"https:\/\/www.zimmer-mit-ausblick.net\/wp-content\/uploads\/2014\/05\/Seeapartment_3-140x140.jpg\" \/><\/li>\n                <li class=\"ms-thumb slide-527\" style=\"display: none;\"><img src=\"https:\/\/www.zimmer-mit-ausblick.net\/wp-content\/uploads\/2014\/05\/kleines-Gartenapartment_1-140x140.jpg\" \/><\/li>\n                <li class=\"ms-thumb slide-333\" style=\"display: none;\"><img src=\"https:\/\/www.zimmer-mit-ausblick.net\/wp-content\/uploads\/2014\/04\/ausblick_1-140x140.jpg\" \/><\/li>\n                <li class=\"ms-thumb slide-529\" style=\"display: none;\"><img src=\"https:\/\/www.zimmer-mit-ausblick.net\/wp-content\/uploads\/2014\/05\/kleines-Gartenapartment_3-140x140.jpg\" \/><\/li>\n                <li class=\"ms-thumb slide-538\" style=\"display: none;\"><img src=\"https:\/\/www.zimmer-mit-ausblick.net\/wp-content\/uploads\/2014\/05\/startseite_14-140x140.jpg\" \/><\/li>\n                <li class=\"ms-thumb slide-349\" style=\"display: none;\"><img src=\"https:\/\/www.zimmer-mit-ausblick.net\/wp-content\/uploads\/2014\/04\/balkon-140x140.jpg\" \/><\/li>\n                <li class=\"ms-thumb slide-521\" style=\"display: none;\"><img src=\"https:\/\/www.zimmer-mit-ausblick.net\/wp-content\/uploads\/2014\/05\/gr_garten_3-140x140.jpg\" \/><\/li>\n                <li class=\"ms-thumb slide-376\" style=\"display: none;\"><img src=\"https:\/\/www.zimmer-mit-ausblick.net\/wp-content\/uploads\/2014\/04\/gr_Garten-Sitzplatz-draussen--140x140.jpg\" \/><\/li>\n                <li class=\"ms-thumb slide-509\" style=\"display: none;\"><img src=\"https:\/\/www.zimmer-mit-ausblick.net\/wp-content\/uploads\/2014\/05\/Seeapartment-Bach_SDI0861-2-140x140.jpg\" \/><\/li>\n                <li class=\"ms-thumb slide-522\" style=\"display: none;\"><img src=\"https:\/\/www.zimmer-mit-ausblick.net\/wp-content\/uploads\/2014\/05\/gr_garten_4-140x140.jpg\" \/><\/li>\n                <li class=\"ms-thumb slide-533\" style=\"display: none;\"><img src=\"https:\/\/www.zimmer-mit-ausblick.net\/wp-content\/uploads\/2014\/05\/parbrueckenapartment_potsdam_2-140x140.jpg\" \/><\/li>\n                <li class=\"ms-thumb slide-264\" style=\"display: none;\"><img src=\"https:\/\/www.zimmer-mit-ausblick.net\/wp-content\/uploads\/2014\/04\/schiff-140x140.jpg\" \/><\/li>\n                <li class=\"ms-thumb slide-113\" style=\"display: none;\"><img src=\"https:\/\/www.zimmer-mit-ausblick.net\/wp-content\/uploads\/2014\/03\/haus_8-140x140.jpg\" \/><\/li>\n                <li class=\"ms-thumb slide-516\" style=\"display: none;\"><img src=\"https:\/\/www.zimmer-mit-ausblick.net\/wp-content\/uploads\/2014\/05\/Seeapartment_5-140x140.jpg\" \/><\/li>\n                <li class=\"ms-thumb slide-540\" style=\"display: none;\"><img src=\"https:\/\/www.zimmer-mit-ausblick.net\/wp-content\/uploads\/2014\/05\/einblicke_1-140x140.jpg\" \/><\/li>\n            <\/ul>\n        <\/div>\n    <\/div>\n<\/div><\/p>","protected":false},"excerpt":{"rendered":"","protected":false},"author":1,"featured_media":0,"parent":0,"menu_order":0,"comment_status":"closed","ping_status":"open","template":"","meta":[],"_links":{"self":[{"href":"https:\/\/www.zimmer-mit-ausblick.net\/en\/wp-json\/wp\/v2\/pages\/103"}],"collection":[{"href":"https:\/\/www.zimmer-mit-ausblick.net\/en\/wp-json\/wp\/v2\/pages"}],"about":[{"href":"https:\/\/www.zimmer-mit-ausblick.net\/en\/wp-json\/wp\/v2\/types\/page"}],"author":[{"embeddable":true,"href":"https:\/\/www.zimmer-mit-ausblick.net\/en\/wp-json\/wp\/v2\/users\/1"}],"replies":[{"embeddable":true,"href":"https:\/\/www.zimmer-mit-ausblick.net\/en\/wp-json\/wp\/v2\/comments?post=103"}],"version-history":[{"count":6,"href":"https:\/\/www.zimmer-mit-ausblick.net\/en\/wp-json\/wp\/v2\/pages\/103\/revisions"}],"predecessor-version":[{"id":404,"href":"https:\/\/www.zimmer-mit-ausblick.net\/en\/wp-json\/wp\/v2\/pages\/103\/revisions\/404"}],"wp:attachment":[{"href":"https:\/\/www.zimmer-mit-ausblick.net\/en\/wp-json\/wp\/v2\/media?parent=103"}],"curies":[{"name":"wp","href":"https:\/\/api.w.org\/{rel}","templated":true}]}}